{"id":2635,"date":"2022-09-06T17:41:06","date_gmt":"2022-09-06T15:41:06","guid":{"rendered":"https:\/\/insights.ieseg.fr\/?page_id=2635"},"modified":"2024-03-12T12:27:06","modified_gmt":"2024-03-12T11:27:06","slug":"about-ieseg-insights","status":"publish","type":"page","link":"https:\/\/insights.ieseg.fr\/en\/about-ieseg-insights\/","title":{"rendered":"About I\u00c9SEG Insights"},"content":{"rendered":"\n<p>I\u00c9SEG Insights is the school\u2019s online journal which brings insights, updates, and food for thought that aims to inform and inspire managers and changemakers from the I\u00c9SEG community and further afield. Drawing on the research and expertise of our faculty, it is in line with our mission to create and share knowledge that nurtures innovative leaders and promotes creative solutions for and with responsible organizations.<\/p>\n\n\n\n<h3>It includes:<\/h3>\n\n\n\n<ul><li>articles, interviews, videos and podcasts highlighting research and analysis from the I\u00c9SEG professors,<\/li><li>a resource center \u2013 enabling users to easily search content and experts,<\/li><li>access to a regular E-newsletter.<\/li><\/ul>\n\n\n\n<h3>Meet the Editorial Committee:<\/h3>\n\n\n\n<ul><li>Andrew MILLER \u2013 Editor and writer (Research Communications Manager)<\/li><li>Manon DUHEM \u2013 Brand and Communication Deputy Director<\/li><li>Laure QUEDILLAC \u2013 Director of Corporate Relations<\/li><li>Professor Xavier LECOCQ \u2013 Professor of Strategy &amp; Invited member<\/li><li>Professor Lies BOUTEN \u2013 Head of Research<\/li><li>Professor Elise MARESCAUX \u2013 Dean of Faculty<\/li><li>Antoine DECOUVELAERE \u2013 Deputy Director \u2013 Executive Development &amp; Innovation<\/li><li>Vincent SCHILTZ \u2013 Press relations and Editorial Manager<\/li><\/ul>\n","protected":false},"excerpt":{"rendered":"<p>I\u00c9SEG Insights is the school\u2019s online journal which brings insights, updates, and food for thought that aims to inform and inspire managers and changemakers from the I\u00c9SEG community and further afield. Drawing on the research and expertise of our faculty, it is in line with our mission to create and share knowledge that nurtures innovative <a href=\"https:\/\/insights.ieseg.fr\/en\/about-ieseg-insights\/\" class=\"more-link\">&#8230;<span class=\"screen-reader-text\">  About I\u00c9SEG Insights<\/span><\/a><\/p>\n","protected":false},"author":2,"featured_media":0,"parent":0,"menu_order":0,"comment_status":"closed","ping_status":"closed","template":"","meta":[],"acf":[],"yoast_head":"<!-- This site is optimized with the Yoast SEO plugin v19.5.1 - https:\/\/yoast.com\/wordpress\/plugins\/seo\/ -->\n<title>About I\u00c9SEG Insights - I\u00c9SEG Insights<\/title>\n<meta name=\"robots\" content=\"index, follow, max-snippet:-1, max-image-preview:large, max-video-preview:-1\" \/>\n<link rel=\"canonical\" href=\"https:\/\/insights.ieseg.fr\/en\/about-ieseg-insights\/\" \/>\n<meta property=\"og:locale\" content=\"en_US\" \/>\n<meta property=\"og:type\" content=\"article\" \/>\n<meta property=\"og:title\" content=\"About I\u00c9SEG Insights - I\u00c9SEG Insights\" \/>\n<meta property=\"og:description\" content=\"I\u00c9SEG Insights is the school\u2019s online journal which brings insights, updates, and food for thought that aims to inform and inspire managers and changemakers from the I\u00c9SEG community and further afield. Drawing on the research and expertise of our faculty, it is in line with our mission to create and share knowledge that nurtures innovative ... About I\u00c9SEG Insights\" \/>\n<meta property=\"og:url\" content=\"https:\/\/insights.ieseg.fr\/en\/about-ieseg-insights\/\" \/>\n<meta property=\"og:site_name\" content=\"I\u00c9SEG Insights\" \/>\n<meta property=\"article:modified_time\" content=\"2024-03-12T11:27:06+00:00\" \/>\n<meta property=\"og:image\" content=\"https:\/\/insights.ieseg.fr\/wp-content\/uploads\/2022\/10\/INSIGHTS-visu-FACEBOOK.jpg\" \/>\n\t<meta property=\"og:image:width\" content=\"2500\" \/>\n\t<meta property=\"og:image:height\" content=\"1313\" \/>\n\t<meta property=\"og:image:type\" content=\"image\/jpeg\" \/>\n<meta name=\"twitter:card\" content=\"summary_large_image\" \/>\n<meta name=\"twitter:label1\" content=\"Est. reading time\" \/>\n\t<meta name=\"twitter:data1\" content=\"1 minute\" \/>\n<script type=\"application\/ld+json\" class=\"yoast-schema-graph\">{\"@context\":\"https:\/\/schema.org\",\"@graph\":[{\"@type\":\"WebPage\",\"@id\":\"https:\/\/insights.ieseg.fr\/en\/about-ieseg-insights\/\",\"url\":\"https:\/\/insights.ieseg.fr\/en\/about-ieseg-insights\/\",\"name\":\"About I\u00c9SEG Insights - I\u00c9SEG Insights\",\"isPartOf\":{\"@id\":\"https:\/\/insights.ieseg.fr\/#website\"},\"datePublished\":\"2022-09-06T15:41:06+00:00\",\"dateModified\":\"2024-03-12T11:27:06+00:00\",\"breadcrumb\":{\"@id\":\"https:\/\/insights.ieseg.fr\/en\/about-ieseg-insights\/#breadcrumb\"},\"inLanguage\":\"en-US\",\"potentialAction\":[{\"@type\":\"ReadAction\",\"target\":[\"https:\/\/insights.ieseg.fr\/en\/about-ieseg-insights\/\"]}]},{\"@type\":\"BreadcrumbList\",\"@id\":\"https:\/\/insights.ieseg.fr\/en\/about-ieseg-insights\/#breadcrumb\",\"itemListElement\":[{\"@type\":\"ListItem\",\"position\":1,\"name\":\"I\u00c9SEG Insights\",\"item\":\"https:\/\/insights.ieseg.fr\/en\/\"},{\"@type\":\"ListItem\",\"position\":2,\"name\":\"About I\u00c9SEG Insights\"}]},{\"@type\":\"WebSite\",\"@id\":\"https:\/\/insights.ieseg.fr\/#website\",\"url\":\"https:\/\/insights.ieseg.fr\/\",\"name\":\"I\u00c9SEG Insights\",\"description\":\"\",\"potentialAction\":[{\"@type\":\"SearchAction\",\"target\":{\"@type\":\"EntryPoint\",\"urlTemplate\":\"https:\/\/insights.ieseg.fr\/?s={search_term_string}\"},\"query-input\":\"required name=search_term_string\"}],\"inLanguage\":\"en-US\"}]}<\/script>\n<!-- \/ Yoast SEO plugin. -->","yoast_head_json":{"title":"About I\u00c9SEG Insights - I\u00c9SEG Insights","robots":{"index":"index","follow":"follow","max-snippet":"max-snippet:-1","max-image-preview":"max-image-preview:large","max-video-preview":"max-video-preview:-1"},"canonical":"https:\/\/insights.ieseg.fr\/en\/about-ieseg-insights\/","og_locale":"en_US","og_type":"article","og_title":"About I\u00c9SEG Insights - I\u00c9SEG Insights","og_description":"I\u00c9SEG Insights is the school\u2019s online journal which brings insights, updates, and food for thought that aims to inform and inspire managers and changemakers from the I\u00c9SEG community and further afield. Drawing on the research and expertise of our faculty, it is in line with our mission to create and share knowledge that nurtures innovative ... About I\u00c9SEG Insights","og_url":"https:\/\/insights.ieseg.fr\/en\/about-ieseg-insights\/","og_site_name":"I\u00c9SEG Insights","article_modified_time":"2024-03-12T11:27:06+00:00","og_image":[{"width":2500,"height":1313,"url":"https:\/\/insights.ieseg.fr\/wp-content\/uploads\/2022\/10\/INSIGHTS-visu-FACEBOOK.jpg","type":"image\/jpeg"}],"twitter_card":"summary_large_image","twitter_misc":{"Est. reading time":"1 minute"},"schema":{"@context":"https:\/\/schema.org","@graph":[{"@type":"WebPage","@id":"https:\/\/insights.ieseg.fr\/en\/about-ieseg-insights\/","url":"https:\/\/insights.ieseg.fr\/en\/about-ieseg-insights\/","name":"About I\u00c9SEG Insights - I\u00c9SEG Insights","isPartOf":{"@id":"https:\/\/insights.ieseg.fr\/#website"},"datePublished":"2022-09-06T15:41:06+00:00","dateModified":"2024-03-12T11:27:06+00:00","breadcrumb":{"@id":"https:\/\/insights.ieseg.fr\/en\/about-ieseg-insights\/#breadcrumb"},"inLanguage":"en-US","potentialAction":[{"@type":"ReadAction","target":["https:\/\/insights.ieseg.fr\/en\/about-ieseg-insights\/"]}]},{"@type":"BreadcrumbList","@id":"https:\/\/insights.ieseg.fr\/en\/about-ieseg-insights\/#breadcrumb","itemListElement":[{"@type":"ListItem","position":1,"name":"I\u00c9SEG Insights","item":"https:\/\/insights.ieseg.fr\/en\/"},{"@type":"ListItem","position":2,"name":"About I\u00c9SEG Insights"}]},{"@type":"WebSite","@id":"https:\/\/insights.ieseg.fr\/#website","url":"https:\/\/insights.ieseg.fr\/","name":"I\u00c9SEG Insights","description":"","potentialAction":[{"@type":"SearchAction","target":{"@type":"EntryPoint","urlTemplate":"https:\/\/insights.ieseg.fr\/?s={search_term_string}"},"query-input":"required name=search_term_string"}],"inLanguage":"en-US"}]}},"_links":{"self":[{"href":"https:\/\/insights.ieseg.fr\/en\/wp-json\/wp\/v2\/pages\/2635"}],"collection":[{"href":"https:\/\/insights.ieseg.fr\/en\/wp-json\/wp\/v2\/pages"}],"about":[{"href":"https:\/\/insights.ieseg.fr\/en\/wp-json\/wp\/v2\/types\/page"}],"author":[{"embeddable":true,"href":"https:\/\/insights.ieseg.fr\/en\/wp-json\/wp\/v2\/users\/2"}],"replies":[{"embeddable":true,"href":"https:\/\/insights.ieseg.fr\/en\/wp-json\/wp\/v2\/comments?post=2635"}],"version-history":[{"count":9,"href":"https:\/\/insights.ieseg.fr\/en\/wp-json\/wp\/v2\/pages\/2635\/revisions"}],"predecessor-version":[{"id":6996,"href":"https:\/\/insights.ieseg.fr\/en\/wp-json\/wp\/v2\/pages\/2635\/revisions\/6996"}],"wp:attachment":[{"href":"https:\/\/insights.ieseg.fr\/en\/wp-json\/wp\/v2\/media?parent=2635"}],"curies":[{"name":"wp","href":"https:\/\/api.w.org\/{rel}","templated":true}]}}