{"id":2519,"date":"2022-09-06T11:43:25","date_gmt":"2022-09-06T09:43:25","guid":{"rendered":"https:\/\/insights.ieseg.fr\/?page_id=2519"},"modified":"2025-04-09T14:20:29","modified_gmt":"2025-04-09T12:20:29","slug":"research-at-ieseg","status":"publish","type":"page","link":"https:\/\/insights.ieseg.fr\/en\/research-at-ieseg\/","title":{"rendered":"Research at I\u00c9SEG"},"content":{"rendered":"\n<h2>Research at the heart of I\u00c9SEG\u2019s Vision and Mission<\/h2>\n\n\n\n<p>Research and international collaboration has been part of I\u00c9SEG\u2019s DNA since its creation in 1964. The School attracts international researchers from around the world who publish the results of their work in top-tier scientific journals worldwide. Many of them are also members of <em>Lille Economie &amp; Management<\/em>, UMR CNRS 9221, a research center supported by the French government, through its research agency CNRS (Centre National de la Recherche Scientifique).<\/p>\n\n\n\n<p>The School also looks to prepare the researchers of tomorrow, notably through a joint PhD program run with KU Leuven in Belgium and by welcoming doctoral candidates in a variety of disciplines each year. I\u00c9SEG, one of the three institutions that finance and supervise the LEM research laboratory (\u201cLille Economie Management\u201d), welcomes PhD students of the SESAM Doctoral School (University of Lille) in the context of a 3-year program.<\/p>\n\n\n\n<p>These research activities are in line with the School\u2019s vision to be \u2018a unique international hub empowering changemakers for a better society\u2019, and its mission:<\/p>\n\n\n\n<ul><li>To educate managers to be inspiring, intercultural and ethical pioneers of change;<\/li><li>To create knowledge that nurtures innovative leaders;<\/li><li>To promote creative solutions for and with responsible organizations.<\/li><\/ul>\n\n\n\n<p>I\u00c9SEG fundamentally believes that both teaching and research nurture each other because research regularly enriches and gives new perspectives to the knowledge taught, and allows the School to reinforce interactions with companies and other stakeholders. I\u00c9SEG&#8217;s permanent professors therefore conduct both research and teaching activities, and the high quality of their research and publications, combined with the international character of the School, contribute to I\u00c9SEG&#8217;s reputation.<\/p>\n\n\n\n<div style=\"height:50px\" aria-hidden=\"true\" class=\"wp-block-spacer\"><\/div>\n\n\n\n<h2>Creating and disseminating knowledge to address societal challenges<\/h2>\n\n\n\n<p>I\u00c9SEG\u2019s research focuses on developing new knowledge which is necessary for innovation and creating solutions for organizations across different sectors. Innovation is notably key to addressing the grand challenges that society currently faces including climate change, global health, sustainability, or digital transformation etc.<\/p>\n\n\n\n<p>The School\u2019s research is shared and disseminated as broadly as possible to all key stakeholders (via websites, newsletters, the media, social media etc) and is also a central element of teaching courses with our students and executive education participants.<\/p>\n\n\n\n<h2>Impactful and virtuous circle between research and teaching<\/h2>\n\n\n\n<p>By sharing this knowledge with future and current managers, the School aims to contribute to understanding and solving the issues and challenges that organizations are facing and will continue to identify relevant research topics for the years to come. The aim is therefore to have an impactful and virtuous circle between research and teaching which contributes to educating responsible individuals equipped with solid academic knowledge, critical and analytical thinking, and the ability to innovate and work in multicultural teams. I\u00c9SEG students will therefore be well placed to become tomorrow&#8217;s changemakers in their organisations, working for a better society and a better world.<\/p>\n\n\n\n<div style=\"height:50px\" aria-hidden=\"true\" class=\"wp-block-spacer\"><\/div>\n\n\n\n<h2>Centers of Excellence and Research<\/h2>\n\n\n\n<p>I\u00c9SEG recognizes that many of the challenges facing organisations and society are complex and solutions often require an interdisciplinary approach combining many different fields of expertise. This is why I\u00c9SEG has developed a number of Centers of excellence, that bring together international researchers and experts from different disciplines and fields to study and provide answers and solutions to important questions for companies and organisations everywhere.<\/p>\n\n\n\n<p>All of these centers aim to ensure there is a bridge between fundamental and applied research, the school\u2019s teaching activities (through courses and programs and executive training) and ensuring this knowledge and expertise reaches key stakeholders including professionals, policymakers, NGOs and other organisations.<\/p>\n\n\n\n<h3>Centers of Excellence<\/h3>\n\n\n\n<ul><li><a href=\"http:\/\/icor.ieseg.fr\/\" target=\"_blank\" rel=\"noreferrer noopener\"><strong>I\u00c9SEG Center of Excellence for Organizational Responsibility (ICOR)<\/strong><\/a>&nbsp; aims to create and spread conceptual knowledge and practice-oriented tools in the fields of social responsibility, sustainability and business and society relationships for professionals and their organizations, researchers and students.<\/li><li><a href=\"http:\/\/icie.ieseg.fr\/\" target=\"_blank\" rel=\"noreferrer noopener\"><strong>I\u00c9SEG Center of Excellence for Intercultural Engagement (ICIE)<\/strong><\/a> aims to develop knowledge and practices around the notion of intercultural dynamics and the development of cultural intelligence and its applications within different organizations.<\/li><li><a href=\"https:\/\/icon.ieseg.fr\/\" target=\"_blank\" rel=\"noreferrer noopener\"><strong>I\u00c9SEG Center of Excellence on Negotiation<\/strong><\/a><strong> (ICON)<\/strong> aims to create relevant, practice-oriented knowledge by means of precise, systematic and robust research methods and provide applications for students, professionals and organizations.<\/li><li><a href=\"https:\/\/icma.ieseg.fr\/\" target=\"_blank\" rel=\"noreferrer noopener\"><strong>I\u00c9SEG Center of Excellence on Marketing Analytics<\/strong><\/a><strong> (ICMA)<\/strong> is a knowledge hub formed by a team of academic experts with a proven track record in the fields of marketing analytics, customer relationship marketing (CRM) and database marketing that aims to support teaching, research and business projects.<\/li><\/ul>\n\n\n\n<h3>Research Centers<\/h3>\n\n\n\n<p>The School has also developed several research centers that enable groups of international researchers to collaborate closely and to take forward the Schools activities in a number of key fields:<\/p>\n\n\n\n<ul><li><strong><a href=\"https:\/\/irisk.ieseg.fr\/\">I\u00c9SEG Research Center on Risk and Uncertainty<\/a><\/strong> (<strong>IRisk<\/strong>) works to better understand and improve decisions about environmental, health, wealth, and other risks through impartial economic research.<\/li><li><strong><a href=\"https:\/\/iflame.ieseg.fr\/\">I\u00c9SEG\u00a0Research Center on Family, Labor and Migration Economics<\/a> (IFlame)<\/strong> promotes research activities at the frontier of this cross-disciplinary field in economics, which studies the microeconomic determinants of individual labor supply and family outcomes.<\/li><li><strong>I\u00c9SEG Research Center on Leadership &amp; Development <\/strong>works to develop research and other activities relating to leadership and personal development.<\/li><li><strong><a href=\"https:\/\/iquant.ieseg.fr\/\">I\u00c9SEG Research Center on Quantitative Finance<\/a> (i\u211auant)<\/strong> works to carry out and disseminate cutting-edge research activities in quantitative finance, which refers to use of different mathematical and statistical methods and techniques to analyze financial instruments.<\/li><\/ul>\n\n\n\n<div style=\"height:50px\" aria-hidden=\"true\" class=\"wp-block-spacer\"><\/div>\n\n\n\n<h2>Chairs and research projects \u2013 supporting companies and organisations with applied research<\/h2>\n\n\n\n<p>The School also runs different types of applied research projects, including Chairs, which are developed in the framework of a partnership with a company\/organisation. Faculty members share their research expertise and work in collaboration with the partner on a series of defined topics, challenges or questions. <\/p>\n\n\n\n<p>Such collaborations can include:<\/p>\n\n\n\n<ul><li>The recruitment of a PhD student from the School to carry out applied research related to company issues or challenges.<\/li><li>The development of new knowledge and tools via the publication of scientific and professional articles.<\/li><li>Exchanges on best practices: I\u00c9SEG organizes meetings and events that bring together experts and members of the company to share and define best practice in different fields.<\/li><li>The creation of customized executive training programs.<\/li><li>The development of new knowledge and tools via the publication of scientific and professional articles.<\/li><\/ul>\n\n\n\n<div style=\"height:50px\" aria-hidden=\"true\" class=\"wp-block-spacer\"><\/div>\n\n\n\n<p><a class=\"btn btn-blue\" href=\"https:\/\/www.ieseg.fr\/en\/faculty-and-research\/research\/\" target=\"_blank\" rel=\"noreferrer noopener\">Find our more about Research at I\u00c9SEG<\/a><\/p>\n\n\n\n<div style=\"height:50px\" aria-hidden=\"true\" class=\"wp-block-spacer\"><\/div>\n","protected":false},"excerpt":{"rendered":"<p>Research at the heart of I\u00c9SEG\u2019s Vision and Mission Research and international collaboration has been part of I\u00c9SEG\u2019s DNA since its creation in 1964. The School attracts international researchers from around the world who publish the results of their work in top-tier scientific journals worldwide. Many of them are also members of Lille Economie &amp; <a href=\"https:\/\/insights.ieseg.fr\/en\/research-at-ieseg\/\" class=\"more-link\">&#8230;<span class=\"screen-reader-text\">  Research at I\u00c9SEG<\/span><\/a><\/p>\n","protected":false},"author":2,"featured_media":0,"parent":0,"menu_order":0,"comment_status":"closed","ping_status":"closed","template":"","meta":[],"acf":[],"yoast_head":"<!-- This site is optimized with the Yoast SEO plugin v19.5.1 - https:\/\/yoast.com\/wordpress\/plugins\/seo\/ -->\n<title>Research at I\u00c9SEG - I\u00c9SEG Insights<\/title>\n<meta name=\"robots\" content=\"index, follow, max-snippet:-1, max-image-preview:large, max-video-preview:-1\" \/>\n<link rel=\"canonical\" href=\"https:\/\/insights.ieseg.fr\/en\/research-at-ieseg\/\" \/>\n<meta property=\"og:locale\" content=\"en_US\" \/>\n<meta property=\"og:type\" content=\"article\" \/>\n<meta property=\"og:title\" content=\"Research at I\u00c9SEG - I\u00c9SEG Insights\" \/>\n<meta property=\"og:description\" content=\"Research at the heart of I\u00c9SEG\u2019s Vision and Mission Research and international collaboration has been part of I\u00c9SEG\u2019s DNA since its creation in 1964. The School attracts international researchers from around the world who publish the results of their work in top-tier scientific journals worldwide. Many of them are also members of Lille Economie &amp; ... Research at I\u00c9SEG\" \/>\n<meta property=\"og:url\" content=\"https:\/\/insights.ieseg.fr\/en\/research-at-ieseg\/\" \/>\n<meta property=\"og:site_name\" content=\"I\u00c9SEG Insights\" \/>\n<meta property=\"article:modified_time\" content=\"2025-04-09T12:20:29+00:00\" \/>\n<meta property=\"og:image\" content=\"https:\/\/insights.ieseg.fr\/wp-content\/uploads\/2022\/10\/INSIGHTS-visu-FACEBOOK.jpg\" \/>\n\t<meta property=\"og:image:width\" content=\"2500\" \/>\n\t<meta property=\"og:image:height\" content=\"1313\" \/>\n\t<meta property=\"og:image:type\" content=\"image\/jpeg\" \/>\n<meta name=\"twitter:card\" content=\"summary_large_image\" \/>\n<meta name=\"twitter:label1\" content=\"Est. reading time\" \/>\n\t<meta name=\"twitter:data1\" content=\"6 minutes\" \/>\n<script type=\"application\/ld+json\" class=\"yoast-schema-graph\">{\"@context\":\"https:\/\/schema.org\",\"@graph\":[{\"@type\":\"WebPage\",\"@id\":\"https:\/\/insights.ieseg.fr\/en\/research-at-ieseg\/\",\"url\":\"https:\/\/insights.ieseg.fr\/en\/research-at-ieseg\/\",\"name\":\"Research at I\u00c9SEG - I\u00c9SEG Insights\",\"isPartOf\":{\"@id\":\"https:\/\/insights.ieseg.fr\/#website\"},\"datePublished\":\"2022-09-06T09:43:25+00:00\",\"dateModified\":\"2025-04-09T12:20:29+00:00\",\"breadcrumb\":{\"@id\":\"https:\/\/insights.ieseg.fr\/en\/research-at-ieseg\/#breadcrumb\"},\"inLanguage\":\"en-US\",\"potentialAction\":[{\"@type\":\"ReadAction\",\"target\":[\"https:\/\/insights.ieseg.fr\/en\/research-at-ieseg\/\"]}]},{\"@type\":\"BreadcrumbList\",\"@id\":\"https:\/\/insights.ieseg.fr\/en\/research-at-ieseg\/#breadcrumb\",\"itemListElement\":[{\"@type\":\"ListItem\",\"position\":1,\"name\":\"I\u00c9SEG Insights\",\"item\":\"https:\/\/insights.ieseg.fr\/en\/\"},{\"@type\":\"ListItem\",\"position\":2,\"name\":\"Research at I\u00c9SEG\"}]},{\"@type\":\"WebSite\",\"@id\":\"https:\/\/insights.ieseg.fr\/#website\",\"url\":\"https:\/\/insights.ieseg.fr\/\",\"name\":\"I\u00c9SEG Insights\",\"description\":\"\",\"potentialAction\":[{\"@type\":\"SearchAction\",\"target\":{\"@type\":\"EntryPoint\",\"urlTemplate\":\"https:\/\/insights.ieseg.fr\/?s={search_term_string}\"},\"query-input\":\"required name=search_term_string\"}],\"inLanguage\":\"en-US\"}]}<\/script>\n<!-- \/ Yoast SEO plugin. -->","yoast_head_json":{"title":"Research at I\u00c9SEG - I\u00c9SEG Insights","robots":{"index":"index","follow":"follow","max-snippet":"max-snippet:-1","max-image-preview":"max-image-preview:large","max-video-preview":"max-video-preview:-1"},"canonical":"https:\/\/insights.ieseg.fr\/en\/research-at-ieseg\/","og_locale":"en_US","og_type":"article","og_title":"Research at I\u00c9SEG - I\u00c9SEG Insights","og_description":"Research at the heart of I\u00c9SEG\u2019s Vision and Mission Research and international collaboration has been part of I\u00c9SEG\u2019s DNA since its creation in 1964. The School attracts international researchers from around the world who publish the results of their work in top-tier scientific journals worldwide. Many of them are also members of Lille Economie &amp; ... Research at I\u00c9SEG","og_url":"https:\/\/insights.ieseg.fr\/en\/research-at-ieseg\/","og_site_name":"I\u00c9SEG Insights","article_modified_time":"2025-04-09T12:20:29+00:00","og_image":[{"width":2500,"height":1313,"url":"https:\/\/insights.ieseg.fr\/wp-content\/uploads\/2022\/10\/INSIGHTS-visu-FACEBOOK.jpg","type":"image\/jpeg"}],"twitter_card":"summary_large_image","twitter_misc":{"Est. reading time":"6 minutes"},"schema":{"@context":"https:\/\/schema.org","@graph":[{"@type":"WebPage","@id":"https:\/\/insights.ieseg.fr\/en\/research-at-ieseg\/","url":"https:\/\/insights.ieseg.fr\/en\/research-at-ieseg\/","name":"Research at I\u00c9SEG - I\u00c9SEG Insights","isPartOf":{"@id":"https:\/\/insights.ieseg.fr\/#website"},"datePublished":"2022-09-06T09:43:25+00:00","dateModified":"2025-04-09T12:20:29+00:00","breadcrumb":{"@id":"https:\/\/insights.ieseg.fr\/en\/research-at-ieseg\/#breadcrumb"},"inLanguage":"en-US","potentialAction":[{"@type":"ReadAction","target":["https:\/\/insights.ieseg.fr\/en\/research-at-ieseg\/"]}]},{"@type":"BreadcrumbList","@id":"https:\/\/insights.ieseg.fr\/en\/research-at-ieseg\/#breadcrumb","itemListElement":[{"@type":"ListItem","position":1,"name":"I\u00c9SEG Insights","item":"https:\/\/insights.ieseg.fr\/en\/"},{"@type":"ListItem","position":2,"name":"Research at I\u00c9SEG"}]},{"@type":"WebSite","@id":"https:\/\/insights.ieseg.fr\/#website","url":"https:\/\/insights.ieseg.fr\/","name":"I\u00c9SEG Insights","description":"","potentialAction":[{"@type":"SearchAction","target":{"@type":"EntryPoint","urlTemplate":"https:\/\/insights.ieseg.fr\/?s={search_term_string}"},"query-input":"required name=search_term_string"}],"inLanguage":"en-US"}]}},"_links":{"self":[{"href":"https:\/\/insights.ieseg.fr\/en\/wp-json\/wp\/v2\/pages\/2519"}],"collection":[{"href":"https:\/\/insights.ieseg.fr\/en\/wp-json\/wp\/v2\/pages"}],"about":[{"href":"https:\/\/insights.ieseg.fr\/en\/wp-json\/wp\/v2\/types\/page"}],"author":[{"embeddable":true,"href":"https:\/\/insights.ieseg.fr\/en\/wp-json\/wp\/v2\/users\/2"}],"replies":[{"embeddable":true,"href":"https:\/\/insights.ieseg.fr\/en\/wp-json\/wp\/v2\/comments?post=2519"}],"version-history":[{"count":10,"href":"https:\/\/insights.ieseg.fr\/en\/wp-json\/wp\/v2\/pages\/2519\/revisions"}],"predecessor-version":[{"id":10716,"href":"https:\/\/insights.ieseg.fr\/en\/wp-json\/wp\/v2\/pages\/2519\/revisions\/10716"}],"wp:attachment":[{"href":"https:\/\/insights.ieseg.fr\/en\/wp-json\/wp\/v2\/media?parent=2519"}],"curies":[{"name":"wp","href":"https:\/\/api.w.org\/{rel}","templated":true}]}}