{"id":2515,"date":"2022-09-06T11:41:30","date_gmt":"2022-09-06T09:41:30","guid":{"rendered":"https:\/\/insights.ieseg.fr\/?page_id=2515"},"modified":"2025-11-21T08:30:32","modified_gmt":"2025-11-21T07:30:32","slug":"about-ieseg","status":"publish","type":"page","link":"https:\/\/insights.ieseg.fr\/en\/about-ieseg\/","title":{"rendered":"About I\u00c9SEG"},"content":{"rendered":"\n<h2>Empowering changemakers for a better society<\/h2>\n\n\n\n<p>Founded in 1964 in Lille (France), I\u00c9SEG is a member of the Catholic University of Lille and the \u2018<em>Conf\u00e9rence des Grandes \u00c9coles<\/em>\u2019. I\u00c9SEG features among the top international management schools and has been awarded the triple crown of international accreditations: AACSB, AMBA, and EQUIS.<\/p>\n\n\n\n<p>With a mission to empower changemakers for a better society, the School offers its 8,900 students, across its two campuses in Lille and Paris-La D\u00e9fense, a wide variety of programs: Bachelor, Grande \u00c9cole Program, Specialized Masters, MBA and Executive degree programs, as well as customized executive education program for companies.<\/p>\n\n\n\n<h3>The mission of I\u00c9SEG is defined as follows:<\/h3>\n\n\n\n<ul><li>To educate managers to be inspiring, intercultural and ethical pioneers of change;<\/li><li>To create knowledge that nurtures innovative leaders;<\/li><li>To promote creative solutions for and with responsible organizations.<\/li><\/ul>\n\n\n\n<p>I\u00c9SEG draws on the expertise of a high-level international faculty. The 222\u00a0permanent professors all hold a doctorate or a PhD. I\u00c9SEG also has a network of 342 partner universities in 75 countries.<\/p>\n\n\n\n<p>Finally, its research center (I\u00c9SEG Research) is an essential component of a CNRS (the French National Centre for Scientific Research) joint research unit, the LEM (Lille \u00c9conomie Management \u2013 UMR CNRS 9221), which brings together over 150 researchers.<\/p>\n\n\n\n<p><a class=\"btn btn-blue\" href=\"https:\/\/www.ieseg.fr\/en\/\">Discover I\u00c9SEG<\/a><\/p>\n","protected":false},"excerpt":{"rendered":"<p>Empowering changemakers for a better society Founded in 1964 in Lille (France), I\u00c9SEG is a member of the Catholic University of Lille and the \u2018Conf\u00e9rence des Grandes \u00c9coles\u2019. I\u00c9SEG features among the top international management schools and has been awarded the triple crown of international accreditations: AACSB, AMBA, and EQUIS. With a mission to empower <a href=\"https:\/\/insights.ieseg.fr\/en\/about-ieseg\/\" class=\"more-link\">&#8230;<span class=\"screen-reader-text\">  About I\u00c9SEG<\/span><\/a><\/p>\n","protected":false},"author":2,"featured_media":0,"parent":0,"menu_order":0,"comment_status":"closed","ping_status":"closed","template":"","meta":[],"acf":[],"yoast_head":"<!-- This site is optimized with the Yoast SEO plugin v19.5.1 - https:\/\/yoast.com\/wordpress\/plugins\/seo\/ -->\n<title>About I\u00c9SEG - I\u00c9SEG Insights<\/title>\n<meta name=\"robots\" content=\"index, follow, max-snippet:-1, max-image-preview:large, max-video-preview:-1\" \/>\n<link rel=\"canonical\" href=\"https:\/\/insights.ieseg.fr\/en\/about-ieseg\/\" \/>\n<meta property=\"og:locale\" content=\"en_US\" \/>\n<meta property=\"og:type\" content=\"article\" \/>\n<meta property=\"og:title\" content=\"About I\u00c9SEG - I\u00c9SEG Insights\" \/>\n<meta property=\"og:description\" content=\"Empowering changemakers for a better society Founded in 1964 in Lille (France), I\u00c9SEG is a member of the Catholic University of Lille and the \u2018Conf\u00e9rence des Grandes \u00c9coles\u2019. I\u00c9SEG features among the top international management schools and has been awarded the triple crown of international accreditations: AACSB, AMBA, and EQUIS. With a mission to empower ... About I\u00c9SEG\" \/>\n<meta property=\"og:url\" content=\"https:\/\/insights.ieseg.fr\/en\/about-ieseg\/\" \/>\n<meta property=\"og:site_name\" content=\"I\u00c9SEG Insights\" \/>\n<meta property=\"article:modified_time\" content=\"2025-11-21T07:30:32+00:00\" \/>\n<meta property=\"og:image\" content=\"https:\/\/insights.ieseg.fr\/wp-content\/uploads\/2022\/10\/INSIGHTS-visu-FACEBOOK.jpg\" \/>\n\t<meta property=\"og:image:width\" content=\"2500\" \/>\n\t<meta property=\"og:image:height\" content=\"1313\" \/>\n\t<meta property=\"og:image:type\" content=\"image\/jpeg\" \/>\n<meta name=\"twitter:card\" content=\"summary_large_image\" \/>\n<meta name=\"twitter:label1\" content=\"Est. reading time\" \/>\n\t<meta name=\"twitter:data1\" content=\"2 minutes\" \/>\n<script type=\"application\/ld+json\" class=\"yoast-schema-graph\">{\"@context\":\"https:\/\/schema.org\",\"@graph\":[{\"@type\":\"WebPage\",\"@id\":\"https:\/\/insights.ieseg.fr\/en\/about-ieseg\/\",\"url\":\"https:\/\/insights.ieseg.fr\/en\/about-ieseg\/\",\"name\":\"About I\u00c9SEG - I\u00c9SEG Insights\",\"isPartOf\":{\"@id\":\"https:\/\/insights.ieseg.fr\/#website\"},\"datePublished\":\"2022-09-06T09:41:30+00:00\",\"dateModified\":\"2025-11-21T07:30:32+00:00\",\"breadcrumb\":{\"@id\":\"https:\/\/insights.ieseg.fr\/en\/about-ieseg\/#breadcrumb\"},\"inLanguage\":\"en-US\",\"potentialAction\":[{\"@type\":\"ReadAction\",\"target\":[\"https:\/\/insights.ieseg.fr\/en\/about-ieseg\/\"]}]},{\"@type\":\"BreadcrumbList\",\"@id\":\"https:\/\/insights.ieseg.fr\/en\/about-ieseg\/#breadcrumb\",\"itemListElement\":[{\"@type\":\"ListItem\",\"position\":1,\"name\":\"I\u00c9SEG Insights\",\"item\":\"https:\/\/insights.ieseg.fr\/en\/\"},{\"@type\":\"ListItem\",\"position\":2,\"name\":\"About I\u00c9SEG\"}]},{\"@type\":\"WebSite\",\"@id\":\"https:\/\/insights.ieseg.fr\/#website\",\"url\":\"https:\/\/insights.ieseg.fr\/\",\"name\":\"I\u00c9SEG Insights\",\"description\":\"\",\"potentialAction\":[{\"@type\":\"SearchAction\",\"target\":{\"@type\":\"EntryPoint\",\"urlTemplate\":\"https:\/\/insights.ieseg.fr\/?s={search_term_string}\"},\"query-input\":\"required name=search_term_string\"}],\"inLanguage\":\"en-US\"}]}<\/script>\n<!-- \/ Yoast SEO plugin. -->","yoast_head_json":{"title":"About I\u00c9SEG - I\u00c9SEG Insights","robots":{"index":"index","follow":"follow","max-snippet":"max-snippet:-1","max-image-preview":"max-image-preview:large","max-video-preview":"max-video-preview:-1"},"canonical":"https:\/\/insights.ieseg.fr\/en\/about-ieseg\/","og_locale":"en_US","og_type":"article","og_title":"About I\u00c9SEG - I\u00c9SEG Insights","og_description":"Empowering changemakers for a better society Founded in 1964 in Lille (France), I\u00c9SEG is a member of the Catholic University of Lille and the \u2018Conf\u00e9rence des Grandes \u00c9coles\u2019. I\u00c9SEG features among the top international management schools and has been awarded the triple crown of international accreditations: AACSB, AMBA, and EQUIS. With a mission to empower ... About I\u00c9SEG","og_url":"https:\/\/insights.ieseg.fr\/en\/about-ieseg\/","og_site_name":"I\u00c9SEG Insights","article_modified_time":"2025-11-21T07:30:32+00:00","og_image":[{"width":2500,"height":1313,"url":"https:\/\/insights.ieseg.fr\/wp-content\/uploads\/2022\/10\/INSIGHTS-visu-FACEBOOK.jpg","type":"image\/jpeg"}],"twitter_card":"summary_large_image","twitter_misc":{"Est. reading time":"2 minutes"},"schema":{"@context":"https:\/\/schema.org","@graph":[{"@type":"WebPage","@id":"https:\/\/insights.ieseg.fr\/en\/about-ieseg\/","url":"https:\/\/insights.ieseg.fr\/en\/about-ieseg\/","name":"About I\u00c9SEG - I\u00c9SEG Insights","isPartOf":{"@id":"https:\/\/insights.ieseg.fr\/#website"},"datePublished":"2022-09-06T09:41:30+00:00","dateModified":"2025-11-21T07:30:32+00:00","breadcrumb":{"@id":"https:\/\/insights.ieseg.fr\/en\/about-ieseg\/#breadcrumb"},"inLanguage":"en-US","potentialAction":[{"@type":"ReadAction","target":["https:\/\/insights.ieseg.fr\/en\/about-ieseg\/"]}]},{"@type":"BreadcrumbList","@id":"https:\/\/insights.ieseg.fr\/en\/about-ieseg\/#breadcrumb","itemListElement":[{"@type":"ListItem","position":1,"name":"I\u00c9SEG Insights","item":"https:\/\/insights.ieseg.fr\/en\/"},{"@type":"ListItem","position":2,"name":"About I\u00c9SEG"}]},{"@type":"WebSite","@id":"https:\/\/insights.ieseg.fr\/#website","url":"https:\/\/insights.ieseg.fr\/","name":"I\u00c9SEG Insights","description":"","potentialAction":[{"@type":"SearchAction","target":{"@type":"EntryPoint","urlTemplate":"https:\/\/insights.ieseg.fr\/?s={search_term_string}"},"query-input":"required name=search_term_string"}],"inLanguage":"en-US"}]}},"_links":{"self":[{"href":"https:\/\/insights.ieseg.fr\/en\/wp-json\/wp\/v2\/pages\/2515"}],"collection":[{"href":"https:\/\/insights.ieseg.fr\/en\/wp-json\/wp\/v2\/pages"}],"about":[{"href":"https:\/\/insights.ieseg.fr\/en\/wp-json\/wp\/v2\/types\/page"}],"author":[{"embeddable":true,"href":"https:\/\/insights.ieseg.fr\/en\/wp-json\/wp\/v2\/users\/2"}],"replies":[{"embeddable":true,"href":"https:\/\/insights.ieseg.fr\/en\/wp-json\/wp\/v2\/comments?post=2515"}],"version-history":[{"count":13,"href":"https:\/\/insights.ieseg.fr\/en\/wp-json\/wp\/v2\/pages\/2515\/revisions"}],"predecessor-version":[{"id":12265,"href":"https:\/\/insights.ieseg.fr\/en\/wp-json\/wp\/v2\/pages\/2515\/revisions\/12265"}],"wp:attachment":[{"href":"https:\/\/insights.ieseg.fr\/en\/wp-json\/wp\/v2\/media?parent=2515"}],"curies":[{"name":"wp","href":"https:\/\/api.w.org\/{rel}","templated":true}]}}